{"id":6693,"date":"2023-03-20T08:25:06","date_gmt":"2023-03-20T08:25:06","guid":{"rendered":"https:\/\/www.recycle-plant.com\/?page_id=6693"},"modified":"2023-03-20T09:30:57","modified_gmt":"2023-03-20T09:30:57","slug":"technical-support","status":"publish","type":"page","link":"https:\/\/www.recycle-plant.com\/vi\/technical-support\/","title":{"rendered":"H\u1ed7 tr\u1ee3 k\u1ef9 thu\u1eadt"},"content":{"rendered":"<p>Shuliy l\u00e0 m\u1ed9t nh\u00e0 s\u1ea3n xu\u1ea5t m\u00e1y t\u00e1i ch\u1ebf nh\u1ef1a v\u1edbi s\u1ef1 h\u1ed7 tr\u1ee3 k\u1ef9 thu\u1eadt m\u1ea1nh m\u1ebd bao g\u1ed3m thi\u1ebft b\u1ecb s\u1ea3n xu\u1ea5t ch\u1ea5t l\u01b0\u1ee3ng, c\u00e1c nh\u00e0 ph\u00e1t tri\u1ec3n k\u1ef9 thu\u1eadt xu\u1ea5t s\u1eafc v\u00e0 \u0111\u1ed9i ng\u0169 nh\u00e2n vi\u00ean s\u1ea3n xu\u1ea5t v\u00e0 b\u00e1n h\u00e0ng chuy\u00ean nghi\u1ec7p. Do \u0111\u00f3, ch\u00fang t\u00f4i c\u00f3 kh\u1ea3 n\u0103ng gi\u00fap \u0111\u1ee1 kh\u00e1ch h\u00e0ng to\u00e0n c\u1ea7u cung c\u1ea5p m\u00e1y t\u00e1i ch\u1ebf nh\u1ef1a ch\u1ea5t l\u01b0\u1ee3ng cao v\u00e0 cung c\u1ea5p c\u00e1c gi\u1ea3i ph\u00e1p t\u00e1i ch\u1ebf nh\u1ef1a. Ch\u00fang t\u00f4i c\u00f3 th\u1ec3 cung c\u1ea5p h\u1ed7 tr\u1ee3 k\u1ef9 thu\u1eadt chuy\u00ean nghi\u1ec7p v\u00e0 d\u1ecbch v\u1ee5 tr\u01b0\u1edbc v\u00e0 sau b\u00e1n h\u00e0ng xu\u1ea5t s\u1eafc.<\/p>    <h2 class=\"wp-block-heading\">Giao ti\u1ebfp tr\u1ef1c tuy\u1ebfn \u0111\u1ec3 gi\u1ea3i quy\u1ebft v\u1ea5n \u0111\u1ec1<\/h2>    <p>Sau khi hi\u1ec3u nhu c\u1ea7u c\u1ee7a kh\u00e1ch h\u00e0ng, c\u00e1c qu\u1ea3n l\u00fd d\u1ef1 \u00e1n chuy\u00ean nghi\u1ec7p c\u1ee7a Shuliy s\u1ebd \u0111\u1ec1 xu\u1ea5t m\u00e1y m\u00f3c ph\u00f9 h\u1ee3p nh\u1ea5t theo y\u00eau c\u1ea7u c\u1ee7a kh\u00e1ch h\u00e0ng. N\u1ebfu nguy\u00ean li\u1ec7u th\u00f4 c\u1ee7a kh\u00e1ch h\u00e0ng l\u00e0 \u0111\u1eb7c bi\u1ec7t ho\u1eb7c c\u00f3 y\u00eau c\u1ea7u v\u1ec1 ch\u1ee9c n\u0103ng c\u1ee7a m\u00e1y, ch\u00fang t\u00f4i s\u1ebd s\u1eafp x\u1ebfp nh\u00e2n vi\u00ean k\u1ef9 thu\u1eadt chuy\u00ean nghi\u1ec7p c\u1ed1 g\u1eafng h\u1ebft s\u1ee9c \u0111\u1ec3 \u0111\u00e1p \u1ee9ng nhu c\u1ea7u t\u00f9y ch\u1ec9nh \u0111\u1eb7c bi\u1ec7t c\u1ee7a kh\u00e1ch h\u00e0ng.<\/p>    <p>Sau khi kh\u00e1ch h\u00e0ng nh\u1eadn \u0111\u01b0\u1ee3c m\u00e1y nghi\u1ec1n nh\u1ef1a v\u00e0 c\u00e1c thi\u1ebft b\u1ecb kh\u00e1c, Shuliy c\u00f3 m\u1ed9t \u0111\u1ed9i ng\u0169 k\u1ef9 thu\u1eadt sau b\u00e1n h\u00e0ng chuy\u00ean nghi\u1ec7p s\u1eb5n s\u00e0ng gi\u1ea3i quy\u1ebft c\u00e1c v\u1ea5n \u0111\u1ec1 l\u1eafp \u0111\u1eb7t v\u00e0 v\u1eadn h\u00e0nh m\u00e1y. N\u1ebfu v\u1ea5n \u0111\u1ec1 l\u00e0 ph\u1ed5 bi\u1ebfn v\u00e0 d\u1ec5 gi\u1ea3i quy\u1ebft, ch\u00fang t\u00f4i s\u1ebd h\u01b0\u1edbng d\u1eabn kh\u00e1ch h\u00e0ng s\u1eed d\u1ee5ng m\u00e1y m\u1ed9t c\u00e1ch \u0111\u00fang \u0111\u1eafn th\u00f4ng qua video tr\u1ef1c tuy\u1ebfn. N\u00f3i chung, \u0111\u00e2y l\u00e0 nh\u1eefng v\u1ea5n \u0111\u1ec1 li\u00ean quan \u0111\u1ebfn c\u00e1c m\u00e1y nh\u1ecf, ch\u1eb3ng h\u1ea1n nh\u01b0 l\u1eafp \u0111\u1eb7t m\u00e1y nghi\u1ec1n nh\u1ef1a, m\u00e1y t\u00e1ch n\u01b0\u1edbc, v.v.<\/p>    <figure class=\"wp-block-image aligncenter size-large\"><img loading=\"lazy\" decoding=\"async\" width=\"720\" height=\"540\" src=\"https:\/\/www.recycle-plant.com\/wp-content\/uploads\/2023\/03\/design-drawing.jpg\" alt=\"b\u1ea3n v\u1ebd thi\u1ebft k\u1ebf\" class=\"wp-image-6701\" srcset=\"https:\/\/www.recycle-plant.com\/wp-content\/uploads\/2023\/03\/design-drawing.jpg 720w, https:\/\/www.recycle-plant.com\/wp-content\/uploads\/2023\/03\/design-drawing-300x225.jpg 300w\" sizes=\"auto, (max-width: 720px) 100vw, 720px\" \/><figcaption class=\"wp-element-caption\">thi\u1ebft k\u1ebf b\u1ea3n v\u1ebd nh\u00e0 m\u00e1y t\u1ea1o vi\u00ean nh\u1ef1a cho kh\u00e1ch h\u00e0ng <\/figcaption><\/figure>    <h2 class=\"wp-block-heading\">L\u1eafp \u0111\u1eb7t v\u00e0 \u0111\u01b0a v\u00e0o v\u1eadn h\u00e0nh tr\u00ean t\u00e0u<\/h2>    <p class=\"translation-block\">\u0110\u1ed1i v\u1edbi c\u00e1c v\u1ea5n \u0111\u1ec1 l\u1edbn v\u1ec1<a href=\"https:\/\/www.recycle-plant.com\/vi\/plastic-film-recycling-production-line\/\"> d\u00e2y chuy\u1ec1n t\u1ea1o h\u1ea1t nh\u1ef1a<\/a>, ch\u1eb3ng h\u1ea1n nh\u01b0 th\u1eed nghi\u1ec7m m\u00e1y t\u1ea1o h\u1ea1t nh\u1ef1a, \u0111\u00e0o t\u1ea1o c\u00f4ng nh\u00e2n v\u1eadn h\u00e0nh d\u00e2y chuy\u1ec1n v\u00e0 ph\u1ed1i h\u1ee3p c\u00e1c b\u01b0\u1edbc cho \u0103n, nghi\u1ec1n v\u00e0 t\u1ea1o h\u1ea1t kh\u00e1c nhau, v.v., \u0111\u1ed1i v\u1edbi nh\u1eefng v\u1ea5n \u0111\u1ec1 kh\u00f3 kh\u0103n n\u00e0y, Shuliy Group s\u1ebd s\u1eafp x\u1ebfp m\u1ed9t ng\u01b0\u1eddi \u0111i\u1ec1u h\u00e0nh k\u1ef9 thu\u1eadt d\u1eabn d\u1eaft m\u1ed9t \u0111\u1ed9i k\u1ef9 thu\u1eadt \u0111\u1ebfn nh\u00e0 m\u00e1y t\u00e1i ch\u1ebf nh\u1ef1a c\u1ee7a kh\u00e1ch h\u00e0ng \u0111\u1ec3 gi\u00fap kh\u00e1ch h\u00e0ng ho\u00e0n th\u00e0nh vi\u1ec7c l\u1eafp \u0111\u1eb7t to\u00e0n b\u1ed9 d\u00e2y chuy\u1ec1n t\u1ea1o h\u1ea1t nh\u1ef1a.<\/p>    <p>Nh\u1eefng b\u1ee9c \u1ea3nh d\u01b0\u1edbi \u0111\u00e2y cho th\u1ea5y k\u1ef9 thu\u1eadt vi\u00ean c\u1ee7a ch\u00fang t\u00f4i, Paul, \u0111ang \u0111\u1ebfn nh\u00e0 m\u00e1y c\u1ee7a kh\u00e1ch h\u00e0ng t\u1ea1i \u1ea2 R\u1eadp Saudi. Kh\u00e1ch h\u00e0ng \u0111\u00e3 mua m\u1ed9t d\u00e2y chuy\u1ec1n s\u1ea3n xu\u1ea5t h\u1ea1t nh\u1ef1a ho\u00e0n ch\u1ec9nh, c\u00f4ng su\u1ea5t c\u1ee7a d\u00e2y chuy\u1ec1n \u0111\u00f3 l\u00e0 1 t\u1ea5n m\u1ed7i gi\u1edd, \u0111\u00e2y l\u00e0 m\u1ed9t c\u00f4ng su\u1ea5t \u0111\u00e1ng k\u1ec3 cho m\u1ed9t nh\u00e0 m\u00e1y s\u1ea3n xu\u1ea5t h\u1ea1t nh\u1ef1a. Kh\u00e1ch h\u00e0ng \u1edf \u1ea2 R\u1eadp Saudi kh\u00f4ng th\u1ec3 \u00e9p h\u1ea1t nh\u1ef1a, \u00f4ng \u0111\u00e3 y\u00eau c\u1ea7u Shuliy Group gi\u00fap \u0111\u1ee1. Sau khi Paul \u0111\u1ebfn nh\u00e0 m\u00e1y c\u1ee7a \u00f4ng v\u00e0 ki\u1ec3m tra m\u00e1y s\u1ea3n xu\u1ea5t h\u1ea1t nh\u1ef1a, \u00f4ng \u0111\u00e3 bi\u1ebft v\u1ea5n \u0111\u1ec1 l\u00e0 do k\u1ebft n\u1ed1i d\u00e2y sai v\u00e0 gi\u00e1 tr\u1ecb c\u00e0i \u0111\u1eb7t kh\u1edfi \u0111\u1ed9ng sai. <\/p>    <p>\u0110\u1ed9i ng\u0169 c\u00f4ng ngh\u1ec7 Shuliy \u0111\u00e3 \u1edf \u1ea2 R\u1eadp X\u00ea \u00dat kho\u1ea3ng m\u1ed9t th\u00e1ng, h\u1ecd \u0111\u00e3 gi\u00fap kh\u00e1ch h\u00e0ng c\u1ee7a ch\u00fang t\u00f4i l\u1eafp \u0111\u1eb7t th\u00e0nh c\u00f4ng m\u00e1y nghi\u1ec1n h\u1ea1t nh\u1ef1a v\u00e0 s\u1ea3n xu\u1ea5t ra nh\u1eefng h\u1ea1t nh\u1ef1a ch\u1ea5t l\u01b0\u1ee3ng cao v\u00e0 \u0111\u1eb9p m\u1eaft, c\u00f3 gi\u00e1 tr\u1ecb v\u00e0 l\u1ee3i nhu\u1eadn cao tr\u00ean th\u1ecb tr\u01b0\u1eddng. <\/p>    <figure class=\"wp-block-gallery has-nested-images columns-default is-cropped wp-block-gallery-2 is-layout-flex wp-block-gallery-is-layout-flex\"> <figure class=\"wp-block-image size-large\"><img loading=\"lazy\" decoding=\"async\" width=\"720\" height=\"540\" data-id=\"6508\" src=\"https:\/\/www.recycle-plant.com\/wp-content\/uploads\/2023\/01\/plastic-pellet-cutter-and-storage-bin1.jpg\" alt=\"\" class=\"wp-image-6508\" srcset=\"https:\/\/www.recycle-plant.com\/wp-content\/uploads\/2023\/01\/plastic-pellet-cutter-and-storage-bin1.jpg 720w, https:\/\/www.recycle-plant.com\/wp-content\/uploads\/2023\/01\/plastic-pellet-cutter-and-storage-bin1-300x225.jpg 300w\" sizes=\"auto, (max-width: 720px) 100vw, 720px\" \/><figcaption class=\"wp-element-caption\">nh\u00e0 m\u00e1y t\u00e1i ch\u1ebf h\u1ea1t nh\u1ef1a \u1edf \u1ea2 R\u1eadp X\u00ea \u00dat<\/figcaption><\/figure>    <figure class=\"wp-block-image size-large\"><img loading=\"lazy\" decoding=\"async\" width=\"720\" height=\"540\" data-id=\"6510\" src=\"https:\/\/www.recycle-plant.com\/wp-content\/uploads\/2023\/01\/plastic-pelletizing-plant-21.jpg\" alt=\"\" class=\"wp-image-6510\" srcset=\"https:\/\/www.recycle-plant.com\/wp-content\/uploads\/2023\/01\/plastic-pelletizing-plant-21.jpg 720w, https:\/\/www.recycle-plant.com\/wp-content\/uploads\/2023\/01\/plastic-pelletizing-plant-21-300x225.jpg 300w\" sizes=\"auto, (max-width: 720px) 100vw, 720px\" \/><figcaption class=\"wp-element-caption\">h\u1ee3p t\u00e1c tuy\u1ec7t v\u1eddi! <\/figcaption><\/figure> <\/figure>    <figure class=\"wp-block-gallery has-nested-images columns-default is-cropped wp-block-gallery-3 is-layout-flex wp-block-gallery-is-layout-flex\"> <figure class=\"wp-block-image size-large\"><img loading=\"lazy\" decoding=\"async\" width=\"720\" height=\"540\" data-id=\"6511\" src=\"https:\/\/www.recycle-plant.com\/wp-content\/uploads\/2023\/01\/Plastic-recycling-factory-Suadi-Arabia1.jpg\" alt=\"Nh\u00e0 m\u00e1y vi\u00ean nh\u1ef1a\" class=\"wp-image-6511\" srcset=\"https:\/\/www.recycle-plant.com\/wp-content\/uploads\/2023\/01\/Plastic-recycling-factory-Suadi-Arabia1.jpg 720w, https:\/\/www.recycle-plant.com\/wp-content\/uploads\/2023\/01\/Plastic-recycling-factory-Suadi-Arabia1-300x225.jpg 300w\" sizes=\"auto, (max-width: 720px) 100vw, 720px\" \/><figcaption class=\"wp-element-caption\">p<br><br>nh\u00e0 m\u00e1y vi\u00ean nh\u1ef1a<\/figcaption><\/figure>    <figure class=\"wp-block-image size-large\"><img loading=\"lazy\" decoding=\"async\" width=\"720\" height=\"540\" data-id=\"6506\" src=\"https:\/\/www.recycle-plant.com\/wp-content\/uploads\/2023\/01\/plastic-pelletizing-plant1.jpg\" alt=\"\" class=\"wp-image-6506\" srcset=\"https:\/\/www.recycle-plant.com\/wp-content\/uploads\/2023\/01\/plastic-pelletizing-plant1.jpg 720w, https:\/\/www.recycle-plant.com\/wp-content\/uploads\/2023\/01\/plastic-pelletizing-plant1-300x225.jpg 300w\" sizes=\"auto, (max-width: 720px) 100vw, 720px\" \/><figcaption class=\"wp-element-caption\">l\u1eafp \u0111\u1eb7t th\u00e0nh c\u00f4ng m\u00e1y t\u1ea1o h\u1ea1t nh\u1ef1a<\/figcaption><\/figure> <\/figure>","protected":false},"excerpt":{"rendered":"<p>Shuliy is a plastic recycling machine manufacturer with strong technical support including quality manufacturing equipment, excellent technical developers, and professional manufacturing and sales staff. Therefore, we are able to help q global customers to provide high-quality plastic recycling machines and offering plastic recycling solutions. We can provide professional technical support and excellent should pre and [&hellip;]<\/p>\n","protected":false},"author":1,"featured_media":0,"parent":0,"menu_order":0,"comment_status":"closed","ping_status":"closed","template":"","meta":{"_kad_blocks_custom_css":"","_kad_blocks_head_custom_js":"","_kad_blocks_body_custom_js":"","_kad_blocks_footer_custom_js":"","footnotes":""},"class_list":["post-6693","page","type-page","status-publish","hentry"],"taxonomy_info":[],"featured_image_src_large":false,"author_info":{"display_name":"Ella","author_link":"https:\/\/www.recycle-plant.com\/vi\/author\/admin\/"},"comment_info":0,"_links":{"self":[{"href":"https:\/\/www.recycle-plant.com\/vi\/wp-json\/wp\/v2\/pages\/6693","targetHints":{"allow":["GET"]}}],"collection":[{"href":"https:\/\/www.recycle-plant.com\/vi\/wp-json\/wp\/v2\/pages"}],"about":[{"href":"https:\/\/www.recycle-plant.com\/vi\/wp-json\/wp\/v2\/types\/page"}],"author":[{"embeddable":true,"href":"https:\/\/www.recycle-plant.com\/vi\/wp-json\/wp\/v2\/users\/1"}],"replies":[{"embeddable":true,"href":"https:\/\/www.recycle-plant.com\/vi\/wp-json\/wp\/v2\/comments?post=6693"}],"version-history":[{"count":0,"href":"https:\/\/www.recycle-plant.com\/vi\/wp-json\/wp\/v2\/pages\/6693\/revisions"}],"wp:attachment":[{"href":"https:\/\/www.recycle-plant.com\/vi\/wp-json\/wp\/v2\/media?parent=6693"}],"curies":[{"name":"wp","href":"https:\/\/api.w.org\/{rel}","templated":true}]}}