{"id":6700,"date":"2023-03-21T10:03:04","date_gmt":"2023-03-21T02:03:04","guid":{"rendered":"https:\/\/www.recycle-plant.com\/?page_id=6700"},"modified":"2023-03-22T11:21:15","modified_gmt":"2023-03-22T03:21:15","slug":"welcome-customer-visit","status":"publish","type":"page","link":"https:\/\/www.recycle-plant.com\/vi\/welcome-customer-visit\/","title":{"rendered":"Ch\u00e0o m\u1eebng kh\u00e1ch h\u00e0ng \u0111\u1ebfn th\u0103m"},"content":{"rendered":"<p>Shuliy ch\u00e0o \u0111\u00f3n kh\u00e1ch h\u00e0ng \u0111\u1ebfn th\u0103m c\u00f4ng ty c\u1ee7a ch\u00fang t\u00f4i. Nhi\u1ec1u kh\u00e1ch h\u00e0ng c\u1ee7a ch\u00fang t\u00f4i ch\u1ee7 \u0111\u1ed9ng \u0111\u1ebfn xem \u0111\u1ecba \u0111i\u1ec3m tr\u01b0\u1edbc khi mua m\u00e1y. Qu\u1ea3n l\u00fd t\u00e0i kho\u1ea3n c\u1ee7a ch\u00fang t\u00f4i s\u1ebd s\u1eafp x\u1ebfp ch\u1ed7 \u1edf kh\u00e1ch s\u1ea1n cho kh\u00e1ch h\u00e0ng theo l\u1ecbch tr\u00ecnh c\u1ee7a h\u1ecd v\u00e0 sau \u0111\u00f3 d\u1eabn h\u1ecd \u0111\u1ebfn th\u0103m c\u00f4ng ty c\u1ee7a ch\u00fang t\u00f4i.<\/p>    <h2 class=\"wp-block-heading\">Th\u1eddi gian vui v\u1ebb v\u1edbi kh\u00e1ch h\u00e0ng<\/h2>    <p>T\u1ea5t c\u1ea3 c\u00e1c kh\u00e1ch h\u00e0ng \u0111\u1ebfn th\u0103m \u0111\u1ec1u \u0111\u01b0\u1ee3c ti\u1ebfp \u0111\u00f3n n\u1ed3ng nhi\u1ec7t, v\u00e0 c\u00e1c l\u00e3nh \u0111\u1ea1o h\u00e0ng \u0111\u1ea7u c\u0169ng nh\u01b0 c\u00e1c qu\u1ea3n l\u00fd d\u1ef1 \u00e1n chuy\u00ean nghi\u1ec7p nh\u1ea5t c\u1ee7a ch\u00fang t\u00f4i \u0111\u00e3 \u0111\u1ebfn n\u00f3i chuy\u1ec7n v\u1edbi kh\u00e1ch h\u00e0ng v\u00e0 c\u1ed1 g\u1eafng h\u1ebft s\u1ee9c \u0111\u1ec3 \u0111\u00e1p \u1ee9ng t\u1ea5t c\u1ea3 c\u00e1c nhu c\u1ea7u c\u1ee7a h\u1ecd. Nh\u1eefng b\u1ee9c \u1ea3nh d\u01b0\u1edbi \u0111\u00e2y cho th\u1ea5y c\u00e1c kh\u00e1ch h\u00e0ng \u0111\u00e3 mua thi\u1ebft b\u1ecb t\u00e1i ch\u1ebf nh\u1ef1a Shuliy v\u00e0 ch\u00fang t\u00f4i r\u1ea5t vui \u0111\u01b0\u1ee3c gi\u00fap h\u1ecd b\u1eaft \u0111\u1ea7u kinh doanh t\u00e1i ch\u1ebf c\u00f3 l\u1ee3i nhu\u1eadn c\u1ee7a ri\u00eang m\u00ecnh.<\/p>    <figure class=\"wp-block-gallery has-nested-images columns-default is-cropped wp-block-gallery-2 is-layout-flex wp-block-gallery-is-layout-flex\"> <figure class=\"wp-block-image size-large\"><img loading=\"lazy\" decoding=\"async\" width=\"720\" height=\"540\" data-id=\"6707\" src=\"https:\/\/www.recycle-plant.com\/wp-content\/uploads\/2023\/03\/Shuliy-Group-and-our-customer.jpg\" alt=\"\" class=\"wp-image-6707\" srcset=\"https:\/\/www.recycle-plant.com\/wp-content\/uploads\/2023\/03\/Shuliy-Group-and-our-customer.jpg 720w, https:\/\/www.recycle-plant.com\/wp-content\/uploads\/2023\/03\/Shuliy-Group-and-our-customer-300x225.jpg 300w\" sizes=\"auto, (max-width: 720px) 100vw, 720px\" \/><\/figure>    <figure class=\"wp-block-image size-large\"><img loading=\"lazy\" decoding=\"async\" width=\"720\" height=\"540\" data-id=\"6708\" src=\"https:\/\/www.recycle-plant.com\/wp-content\/uploads\/2023\/03\/Shuliy-project-manager-and-our-customers.jpg\" alt=\"\" class=\"wp-image-6708\" srcset=\"https:\/\/www.recycle-plant.com\/wp-content\/uploads\/2023\/03\/Shuliy-project-manager-and-our-customers.jpg 720w, https:\/\/www.recycle-plant.com\/wp-content\/uploads\/2023\/03\/Shuliy-project-manager-and-our-customers-300x225.jpg 300w\" sizes=\"auto, (max-width: 720px) 100vw, 720px\" \/><\/figure> <\/figure>    <figure class=\"wp-block-gallery has-nested-images columns-default is-cropped wp-block-gallery-3 is-layout-flex wp-block-gallery-is-layout-flex\"> <figure class=\"wp-block-image size-large\"><img loading=\"lazy\" decoding=\"async\" width=\"720\" height=\"528\" data-id=\"6706\" src=\"https:\/\/www.recycle-plant.com\/wp-content\/uploads\/2023\/03\/Shuliy-and-foreign-customers.jpg\" alt=\"\" class=\"wp-image-6706\" srcset=\"https:\/\/www.recycle-plant.com\/wp-content\/uploads\/2023\/03\/Shuliy-and-foreign-customers.jpg 720w, https:\/\/www.recycle-plant.com\/wp-content\/uploads\/2023\/03\/Shuliy-and-foreign-customers-300x220.jpg 300w\" sizes=\"auto, (max-width: 720px) 100vw, 720px\" \/><\/figure>    <figure class=\"wp-block-image size-large\"><img loading=\"lazy\" decoding=\"async\" width=\"720\" height=\"540\" data-id=\"6704\" src=\"https:\/\/www.recycle-plant.com\/wp-content\/uploads\/2023\/03\/customers-and-our-sales-manager.jpg\" alt=\"\" class=\"wp-image-6704\" srcset=\"https:\/\/www.recycle-plant.com\/wp-content\/uploads\/2023\/03\/customers-and-our-sales-manager.jpg 720w, https:\/\/www.recycle-plant.com\/wp-content\/uploads\/2023\/03\/customers-and-our-sales-manager-300x225.jpg 300w\" sizes=\"auto, (max-width: 720px) 100vw, 720px\" \/><\/figure> <\/figure>    <h2 class=\"wp-block-heading\">Ch\u00fang t\u00f4i \u0111\u00e3 ti\u1ebfp \u0111\u00f3n kh\u00e1ch h\u00e0ng nh\u01b0 th\u1ebf n\u00e0o?<\/h2>    <h3 class=\"wp-block-heading\">Chu\u1ea9n b\u1ecb <\/h3>    <p>Sau khi nh\u1eadn \u0111\u01b0\u1ee3c th\u00f4ng tin v\u1ec1 chuy\u1ebfn th\u0103m t\u1eeb kh\u00e1ch h\u00e0ng, qu\u1ea3n l\u00fd d\u1ef1 \u00e1n s\u1ebd tr\u1ea3 l\u1eddi kh\u00e1ch h\u00e0ng qua email ho\u1eb7c \u0111i\u1ec7n tho\u1ea1i c\u00e0ng s\u1edbm c\u00e0ng t\u1ed1t. Ch\u00fang t\u00f4i s\u1ebd b\u00e0y t\u1ecf s\u1ef1 ch\u00e0o \u0111\u00f3n chuy\u1ebfn th\u0103m c\u1ee7a kh\u00e1ch h\u00e0ng, sau \u0111\u00f3 ch\u00fang t\u00f4i s\u1ebd h\u1ecfi s\u1ed1 l\u01b0\u1ee3ng kh\u00e1ch tham quan v\u00e0 li\u1ec7u h\u1ecd c\u00f3 c\u1ea7n \u0111\u01b0\u1ee3c \u0111\u00f3n b\u1eb1ng xe h\u01a1i v\u00e0o th\u1eddi \u0111i\u1ec3m chuy\u1ebfn th\u0103m hay kh\u00f4ng, \u0111\u1ec3 thu\u1eadn ti\u1ec7n cho t\u1ea5t c\u1ea3 c\u00e1c s\u1eafp x\u1ebfp cho chuy\u1ebfn th\u0103m.<\/p>    <p>Sau khi nh\u1eadn \u0111\u01b0\u1ee3c th\u00f4ng tin t\u1eeb kh\u00e1ch h\u00e0ng, T\u1eadp \u0111o\u00e0n Shuliy s\u1ebd th\u1ef1c hi\u1ec7n t\u1ea5t c\u1ea3 c\u00e1c s\u1eafp x\u1ebfp c\u00e0ng s\u1edbm c\u00e0ng t\u1ed1t, ch\u1eb3ng h\u1ea1n nh\u01b0 g\u1eedi \u0111\u01a1n xin xe, l\u00e0m th\u01b0 li\u00ean h\u1ec7 cho chuy\u1ebfn th\u0103m c\u1ee7a kh\u00e1ch h\u00e0ng, chu\u1ea9n b\u1ecb m\u1eabu, t\u00e0i li\u1ec7u gi\u1edbi thi\u1ec7u s\u1ea3n ph\u1ea9m, v.v. Ch\u00fang t\u00f4i s\u1ebd l\u00ean k\u1ebf ho\u1ea1ch cho qu\u1ea3n l\u00fd ho\u1eb7c tr\u01b0\u1edfng nh\u00f3m s\u1ebd \u0111i c\u00f9ng ti\u1ebfp \u0111\u00f3n, th\u1ef1c hi\u1ec7n quy tr\u00ecnh th\u0103m, n\u00f3i v\u1ec1 n\u1ed9i dung v\u00e0 hy v\u1ecdng \u0111\u1ea1t \u0111\u01b0\u1ee3c m\u1ee5c ti\u00eau.<\/p>    <h3 class=\"wp-block-heading\">Quy tr\u00ecnh ti\u1ebfp nh\u1eadn<\/h3>    <p>Ch\u00fang t\u00f4i s\u1ebd \u0111\u00f3n kh\u00e1ch h\u00e0ng t\u1ea1i s\u00e2n bay theo th\u1eddi gian \u0111\u1ebfn c\u1ee7a h\u1ecd \u1edf Trung Qu\u1ed1c. N\u1ebfu h\u00e0nh l\u00fd c\u1ee7a kh\u00e1ch kh\u00f4ng ti\u1ec7n mang theo, ch\u00fang t\u00f4i s\u1ebd \u0111\u01b0a kh\u00e1ch \u0111\u1ebfn kh\u00e1ch s\u1ea1n \u0111\u1ec3 g\u1eedi h\u00e0nh l\u00fd tr\u01b0\u1edbc.<\/p>    <p>Sau khi \u0111\u1ebfn c\u00f4ng ty, ch\u00fang t\u00f4i s\u1ebd chu\u1ea9n b\u1ecb m\u00f4i tr\u01b0\u1eddng tho\u1ea3i m\u00e1i nh\u1ea5t cho kh\u00e1ch h\u00e0ng \u0111\u1ec3 tr\u00f2 chuy\u1ec7n tr\u01b0\u1edbc, v\u1edbi tr\u00e1i c\u00e2y v\u00e0 c\u00e0 ph\u00ea \u0111\u01b0\u1ee3c chu\u1ea9n b\u1ecb s\u1eb5n.<\/p>    <p>Trong cu\u1ed9c tr\u00f2 chuy\u1ec7n, nh\u00e2n vi\u00ean b\u00e1n h\u00e0ng s\u1ebd gi\u1ea3i \u0111\u00e1p k\u1ecbp th\u1eddi c\u00e1c c\u00e2u h\u1ecfi c\u1ee7a kh\u00e1ch h\u00e0ng v\u1ec1 ch\u1ee9c n\u0103ng m\u00e1y m\u00f3c, gi\u00e1 c\u1ea3, v.v. Sau \u0111\u00f3, ch\u00fang t\u00f4i s\u1ebd t\u1ed5 ch\u1ee9c m\u1ed9t chuy\u1ebfn tham quan nh\u00e0 m\u00e1y c\u1ee7a ch\u00fang t\u00f4i v\u00e0 cung c\u1ea5p m\u1eabu.<\/p>    <h3 class=\"wp-block-heading\">Sau khi th\u0103m<\/h3>    <p>Cu\u1ed1i chuy\u1ebfn th\u0103m, T\u1eadp \u0111o\u00e0n Shuliy s\u1ebd c\u1ea3m \u01a1n kh\u00e1ch h\u00e0ng \u0111\u00e3 \u1ee7ng h\u1ed9 c\u00f4ng ty v\u00e0 s\u1ea3n ph\u1ea9m c\u1ee7a ch\u00fang t\u00f4i, v\u00e0 ch\u00fang t\u00f4i ch\u1eafc ch\u1eafn s\u1ebd duy tr\u00ec ki\u1ec3m so\u00e1t ch\u1ea5t l\u01b0\u1ee3ng nghi\u00eam ng\u1eb7t v\u00e0 cung c\u1ea5p d\u1ecbch v\u1ee5 ch\u1ea5t l\u01b0\u1ee3ng cho kh\u00e1ch h\u00e0ng.<\/p>    <p>S\u1eafp x\u1ebfp vi\u1ec7c tr\u1ea3 h\u00e0ng c\u1ee7a kh\u00e1ch h\u00e0ng. N\u1ebfu kh\u00e1ch h\u00e0ng \u0111i th\u1eb3ng \u0111\u1ebfn s\u00e2n bay, ch\u00fang t\u00f4i s\u1ebd \u0111\u01b0a kh\u00e1ch h\u00e0ng \u0111\u1ebfn s\u00e2n bay, n\u1ebfu kh\u00e1ch h\u00e0ng ph\u1ea3i \u0111\u1ebfn m\u1ed9t \u0111i\u1ec3m \u0111\u1ebfn kh\u00e1c ti\u1ebfp theo, ch\u00fang t\u00f4i s\u1ebd s\u1eafp x\u1ebfp m\u1ed9t ph\u01b0\u01a1ng ti\u1ec7n v\u00e0 cung c\u1ea5p cho kh\u00e1ch h\u00e0ng m\u1ed9t k\u1ebf ho\u1ea1ch l\u1ed9 tr\u00ecnh chi ti\u1ebft.<\/p>","protected":false},"excerpt":{"rendered":"<p>Shuliy welcomes our customers to visit our company. Many of our customers take the initiative to come and see the site before they buy the machine. Our account manager will arrange hotel accommodation for our customers in advance according to their schedule and then lead them to visit our company. Pleasure time with customers All [&hellip;]<\/p>\n","protected":false},"author":1,"featured_media":6705,"parent":0,"menu_order":0,"comment_status":"closed","ping_status":"closed","template":"","meta":{"_kad_blocks_custom_css":"","_kad_blocks_head_custom_js":"","_kad_blocks_body_custom_js":"","_kad_blocks_footer_custom_js":"","footnotes":""},"class_list":["post-6700","page","type-page","status-publish","has-post-thumbnail","hentry"],"taxonomy_info":[],"featured_image_src_large":["https:\/\/www.recycle-plant.com\/wp-content\/uploads\/2023\/03\/photo-with-customers.jpg",704,540,false],"author_info":{"display_name":"Ella","author_link":"https:\/\/www.recycle-plant.com\/vi\/author\/admin\/"},"comment_info":0,"_links":{"self":[{"href":"https:\/\/www.recycle-plant.com\/vi\/wp-json\/wp\/v2\/pages\/6700","targetHints":{"allow":["GET"]}}],"collection":[{"href":"https:\/\/www.recycle-plant.com\/vi\/wp-json\/wp\/v2\/pages"}],"about":[{"href":"https:\/\/www.recycle-plant.com\/vi\/wp-json\/wp\/v2\/types\/page"}],"author":[{"embeddable":true,"href":"https:\/\/www.recycle-plant.com\/vi\/wp-json\/wp\/v2\/users\/1"}],"replies":[{"embeddable":true,"href":"https:\/\/www.recycle-plant.com\/vi\/wp-json\/wp\/v2\/comments?post=6700"}],"version-history":[{"count":0,"href":"https:\/\/www.recycle-plant.com\/vi\/wp-json\/wp\/v2\/pages\/6700\/revisions"}],"wp:featuredmedia":[{"embeddable":true,"href":"https:\/\/www.recycle-plant.com\/vi\/wp-json\/wp\/v2\/media\/6705"}],"wp:attachment":[{"href":"https:\/\/www.recycle-plant.com\/vi\/wp-json\/wp\/v2\/media?parent=6700"}],"curies":[{"name":"wp","href":"https:\/\/api.w.org\/{rel}","templated":true}]}}