{"id":6728,"date":"2023-03-22T14:52:15","date_gmt":"2023-03-22T06:52:15","guid":{"rendered":"https:\/\/www.recycle-plant.com\/?page_id=6728"},"modified":"2023-03-22T14:52:40","modified_gmt":"2023-03-22T06:52:40","slug":"plastic-tube-manufacturing-process","status":"publish","type":"page","link":"https:\/\/www.recycle-plant.com\/vi\/plastic-tube-manufacturing-process\/","title":{"rendered":"Quy tr\u00ecnh s\u1ea3n xu\u1ea5t \u1ed1ng nh\u1ef1a"},"content":{"rendered":"<p>\u1ed0ng nh\u1ef1a l\u00e0 m\u1ed9t th\u00e0nh ph\u1ea7n thi\u1ebft y\u1ebfu trong nhi\u1ec1u ng\u00e0nh c\u00f4ng nghi\u1ec7p, t\u1eeb \u0111\u00f3ng g\u00f3i \u0111\u1ebfn thi\u1ebft b\u1ecb y t\u1ebf. Ch\u00fang linh ho\u1ea1t, nh\u1eb9 v\u00e0 c\u00f3 th\u1ec3 \u0111\u01b0\u1ee3c t\u00f9y ch\u1ec9nh \u0111\u1ec3 \u0111\u00e1p \u1ee9ng c\u00e1c y\u00eau c\u1ea7u kh\u00e1c nhau. Tuy nhi\u00ean, quy tr\u00ecnh s\u1ea3n xu\u1ea5t \u1ed1ng nh\u1ef1a r\u1ea5t ph\u1ee9c t\u1ea1p, \u0111\u00f2i h\u1ecfi m\u1ed9t m\u1ee9c \u0111\u1ed9 ch\u00ednh x\u00e1c cao, chuy\u00ean m\u00f4n v\u00e0 thi\u1ebft b\u1ecb chuy\u00ean nghi\u1ec7p.<\/p>    <h2 class=\"wp-block-heading\">V\u1eadt li\u1ec7u ph\u1ed5 bi\u1ebfn c\u1ee7a \u1ed1ng nh\u1ef1a<\/h2>    <p>Polyvinyl clorua (PVC): PVC l\u00e0 m\u1ed9t lo\u1ea1i v\u1eadt li\u1ec7u nh\u1ef1a ph\u1ed5 bi\u1ebfn \u0111\u01b0\u1ee3c s\u1eed d\u1ee5ng trong s\u1ea3n xu\u1ea5t \u1ed1ng do \u0111\u1ed9 b\u1ec1n, kh\u1ea3 n\u0103ng ch\u1ed1ng h\u00f3a ch\u1ea5t v\u00e0 chi ph\u00ed th\u1ea5p. N\u00f3 th\u01b0\u1eddng \u0111\u01b0\u1ee3c s\u1eed d\u1ee5ng trong h\u1ec7 th\u1ed1ng cung c\u1ea5p n\u01b0\u1edbc v\u00e0 tho\u00e1t n\u01b0\u1edbc, h\u1ec7 th\u1ed1ng t\u01b0\u1edbi ti\u00eau v\u00e0 \u1ed1ng d\u1eabn \u0111i\u1ec7n.<\/p>    <p>Polyethylene m\u1eadt \u0111\u1ed9 cao (HDPE): HDPE l\u00e0 m\u1ed9t lo\u1ea1i v\u1eadt li\u1ec7u thermoplastic th\u01b0\u1eddng \u0111\u01b0\u1ee3c s\u1eed d\u1ee5ng trong s\u1ea3n xu\u1ea5t \u1ed1ng do \u0111\u1ed9 b\u1ec1n cao, \u0111\u1ed9 b\u1ec1n l\u00e2u d\u00e0i v\u00e0 kh\u1ea3 n\u0103ng ch\u1ed1ng h\u00f3a ch\u1ea5t c\u0169ng nh\u01b0 tia UV. N\u00f3 \u0111\u01b0\u1ee3c s\u1eed d\u1ee5ng trong c\u00e1c h\u1ec7 th\u1ed1ng cung c\u1ea5p n\u01b0\u1edbc, h\u1ec7 th\u1ed1ng ph\u00e2n ph\u1ed1i kh\u00ed v\u00e0 h\u1ec7 th\u1ed1ng tho\u00e1t n\u01b0\u1edbc.<\/p>    <p>Polypropylene (PP): PP l\u00e0 m\u1ed9t v\u1eadt li\u1ec7u nhi\u1ec7t d\u1ebbo th\u01b0\u1eddng \u0111\u01b0\u1ee3c s\u1eed d\u1ee5ng trong s\u1ea3n xu\u1ea5t \u1ed1ng do kh\u1ea3 n\u0103ng ch\u1ed1ng h\u00f3a ch\u1ea5t v\u00e0 nhi\u1ec7t \u0111\u1ed9 cao. N\u00f3 \u0111\u01b0\u1ee3c s\u1eed d\u1ee5ng trong h\u1ec7 th\u1ed1ng cung c\u1ea5p n\u01b0\u1edbc, v\u1eadn chuy\u1ec3n h\u00f3a ch\u1ea5t v\u00e0 h\u1ec7 th\u1ed1ng tho\u00e1t n\u01b0\u1edbc.<\/p>    <h2 class=\"wp-block-heading\">M\u00e1y s\u1ea3n xu\u1ea5t \u1ed1ng nh\u1ef1a Shuliy<\/h2>    <p class=\"translation-block\">Shuliy Group cung c\u1ea5p d\u00e2y chuy\u1ec1n s\u1ea3n xu\u1ea5t \u1ed1ng nh\u1ef1a ho\u00e0n ch\u1ec9nh v\u00e0 c\u00e1c m\u00e1y li\u00ean quan. \u1ed0ng nh\u1ef1a c\u1ee7a ch\u00fang t\u00f4i \u0111\u01b0\u1ee3c s\u1ea3n xu\u1ea5t b\u1eb1ng quy tr\u00ecnh \u0111\u00f9n, \u0111\u00e2y l\u00e0 ph\u01b0\u01a1ng ph\u00e1p ph\u1ed5 bi\u1ebfn nh\u1ea5t \u0111\u1ec3 s\u1ea3n xu\u1ea5t \u1ed1ng nh\u1ef1a. Qu\u00e1 tr\u00ecnh n\u00e0y bao g\u1ed3m vi\u1ec7c l\u00e0m n\u00f3ng ch\u1ea3y nguy\u00ean li\u1ec7u nh\u1ef1a nhi\u1ec7t d\u1ebbo v\u00e0 \u00e9p ch\u00fang qua khu\u00f4n \u0111\u1ec3 t\u1ea1o ra m\u1ed9t \u1ed1ng li\u00ean t\u1ee5c. Quy tr\u00ecnh n\u00e0y \u0111\u01b0\u1ee3c t\u1ef1 \u0111\u1ed9ng h\u00f3a cao, \u0111\u1ea3m b\u1ea3o ch\u1ea5t l\u01b0\u1ee3ng \u1ed1ng \u1ed5n \u0111\u1ecbnh v\u00e0 hi\u1ec7u qu\u1ea3 s\u1ea3n xu\u1ea5t.<\/p>    <figure class=\"wp-block-image size-full\"><img loading=\"lazy\" decoding=\"async\" width=\"720\" height=\"540\" src=\"https:\/\/www.recycle-plant.com\/wp-content\/uploads\/2022\/06\/plastic-pipe-production-line.jpg\" alt=\"d\u00e2y chuy\u1ec1n s\u1ea3n xu\u1ea5t \u1ed1ng nh\u1ef1a\" class=\"wp-image-6051\" srcset=\"https:\/\/www.recycle-plant.com\/wp-content\/uploads\/2022\/06\/plastic-pipe-production-line.jpg 720w, https:\/\/www.recycle-plant.com\/wp-content\/uploads\/2022\/06\/plastic-pipe-production-line-300x225.jpg 300w\" sizes=\"auto, (max-width: 720px) 100vw, 720px\" \/><figcaption class=\"wp-element-caption\">d\u00e2y chuy\u1ec1n s\u1ea3n xu\u1ea5t \u1ed1ng nh\u1ef1a<\/figcaption><\/figure>    <h2 class=\"wp-block-heading\">Ch\u1ecdn Shuliy, Nh\u1eadn \u1ed1ng nh\u1ef1a b\u1ea1n mu\u1ed1n<\/h2>    <figure class=\"wp-block-gallery has-nested-images columns-default is-cropped wp-block-gallery-2 is-layout-flex wp-block-gallery-is-layout-flex\"> <figure class=\"wp-block-image size-large\"><img loading=\"lazy\" decoding=\"async\" width=\"720\" height=\"540\" data-id=\"6048\" src=\"https:\/\/www.recycle-plant.com\/wp-content\/uploads\/2022\/06\/PVC-pipes.jpg\" alt=\"\u1ed1ng PVC\" class=\"wp-image-6048\" srcset=\"https:\/\/www.recycle-plant.com\/wp-content\/uploads\/2022\/06\/PVC-pipes.jpg 720w, https:\/\/www.recycle-plant.com\/wp-content\/uploads\/2022\/06\/PVC-pipes-300x225.jpg 300w\" sizes=\"auto, (max-width: 720px) 100vw, 720px\" \/><\/figure>    <figure class=\"wp-block-image size-large\"><img loading=\"lazy\" decoding=\"async\" width=\"720\" height=\"540\" data-id=\"6047\" src=\"https:\/\/www.recycle-plant.com\/wp-content\/uploads\/2022\/06\/products-of-plastic-pipe-production-line.jpg\" alt=\"s\u1ea3n ph\u1ea9m c\u1ee7a d\u00e2y chuy\u1ec1n s\u1ea3n xu\u1ea5t \u1ed1ng nh\u1ef1a\" class=\"wp-image-6047\" srcset=\"https:\/\/www.recycle-plant.com\/wp-content\/uploads\/2022\/06\/products-of-plastic-pipe-production-line.jpg 720w, https:\/\/www.recycle-plant.com\/wp-content\/uploads\/2022\/06\/products-of-plastic-pipe-production-line-300x225.jpg 300w\" sizes=\"auto, (max-width: 720px) 100vw, 720px\" \/><\/figure> <\/figure>    <p>Qu\u00e1 tr\u00ecnh s\u1ea3n xu\u1ea5t \u1ed1ng nh\u1ef1a r\u1ea5t ph\u1ee9c t\u1ea1p, nh\u01b0ng c\u0169ng r\u1ea5t hi\u1ec7u qu\u1ea3 v\u00e0 linh ho\u1ea1t. B\u1eb1ng c\u00e1ch s\u1eed d\u1ee5ng c\u00e1c m\u00e1y m\u00f3c v\u00e0 k\u1ef9 thu\u1eadt s\u1ea3n xu\u1ea5t \u1ed1ng nh\u1ef1a ti\u00ean ti\u1ebfn, c\u00e1c nh\u00e0 s\u1ea3n xu\u1ea5t c\u00f3 th\u1ec3 t\u1ea1o ra nh\u1eefng \u1ed1ng \u0111\u00e1p \u1ee9ng c\u00e1c y\u00eau c\u1ea7u c\u1ee5 th\u1ec3 v\u1ec1 \u0111\u1ed9 b\u1ec1n, t\u00ednh linh ho\u1ea1t v\u00e0 kh\u1ea3 n\u0103ng ch\u1ed1ng h\u00f3a ch\u1ea5t. <\/p>    <p>N\u1ebfu b\u1ea1n \u0111ang t\u00ecm ki\u1ebfm m\u1ed9t nh\u00e0 cung c\u1ea5p m\u00e1y s\u1ea3n xu\u1ea5t \u1ed1ng nh\u1ef1a \u0111\u00e1ng tin c\u1eady, h\u00e3y ch\u1eafc ch\u1eafn ch\u1ecdn m\u1ed9t nh\u00e0 s\u1ea3n xu\u1ea5t c\u00f3 chuy\u00ean m\u00f4n trong c\u00e1c k\u1ef9 thu\u1eadt \u00e9p \u0111\u00f9n, t\u1ea1o h\u00ecnh v\u00e0 ho\u00e0n thi\u1ec7n. Ch\u00fang t\u00f4i tin r\u1eb1ng vi\u1ec7c ch\u1ecdn Shuliy Group l\u00e0 l\u1ef1a ch\u1ecdn t\u1ed1t nh\u1ea5t c\u1ee7a b\u1ea1n. N\u1ebfu b\u1ea1n quan t\u00e2m, b\u1ea1n c\u00f3 th\u1ec3 \u0111\u1ec3 l\u1ea1i y\u00eau c\u1ea7u c\u1ee7a m\u00ecnh tr\u00ean m\u1eabu tin nh\u1eafn c\u1ee7a ch\u00fang t\u00f4i. Qu\u1ea3n l\u00fd d\u1ef1 \u00e1n chuy\u00ean nghi\u1ec7p c\u1ee7a ch\u00fang t\u00f4i s\u1ebd li\u00ean h\u1ec7 v\u1edbi b\u1ea1n s\u1edbm.<\/p>","protected":false},"excerpt":{"rendered":"<p>Plastic tubes are an essential component in many industries, from packaging to medical devices. They are flexible, lightweight, and can be customized to meet various requirements. However, the plastic pipe manufacturing process is complex, requiring a high level of precision, expertise and professional equipment. Common materials of plastic pipe Polyvinyl chloride (PVC): PVC is a [&hellip;]<\/p>\n","protected":false},"author":1,"featured_media":0,"parent":0,"menu_order":0,"comment_status":"closed","ping_status":"closed","template":"","meta":{"_kad_blocks_custom_css":"","_kad_blocks_head_custom_js":"","_kad_blocks_body_custom_js":"","_kad_blocks_footer_custom_js":"","footnotes":""},"class_list":["post-6728","page","type-page","status-publish","hentry"],"taxonomy_info":[],"featured_image_src_large":false,"author_info":{"display_name":"Ella","author_link":"https:\/\/www.recycle-plant.com\/vi\/author\/admin\/"},"comment_info":0,"_links":{"self":[{"href":"https:\/\/www.recycle-plant.com\/vi\/wp-json\/wp\/v2\/pages\/6728","targetHints":{"allow":["GET"]}}],"collection":[{"href":"https:\/\/www.recycle-plant.com\/vi\/wp-json\/wp\/v2\/pages"}],"about":[{"href":"https:\/\/www.recycle-plant.com\/vi\/wp-json\/wp\/v2\/types\/page"}],"author":[{"embeddable":true,"href":"https:\/\/www.recycle-plant.com\/vi\/wp-json\/wp\/v2\/users\/1"}],"replies":[{"embeddable":true,"href":"https:\/\/www.recycle-plant.com\/vi\/wp-json\/wp\/v2\/comments?post=6728"}],"version-history":[{"count":0,"href":"https:\/\/www.recycle-plant.com\/vi\/wp-json\/wp\/v2\/pages\/6728\/revisions"}],"wp:attachment":[{"href":"https:\/\/www.recycle-plant.com\/vi\/wp-json\/wp\/v2\/media?parent=6728"}],"curies":[{"name":"wp","href":"https:\/\/api.w.org\/{rel}","templated":true}]}}