{"id":7,"date":"2018-10-17T06:10:43","date_gmt":"2018-10-17T06:10:43","guid":{"rendered":"https:\/\/www.recycle-plant.com\/?page_id=7"},"modified":"2018-10-17T06:10:43","modified_gmt":"2018-10-17T06:10:43","slug":"contact-us","status":"publish","type":"page","link":"https:\/\/www.recycle-plant.com\/vi\/contact-us\/","title":{"rendered":"Li\u00ean h\u1ec7 v\u1edbi ch\u00fang t\u00f4i"},"content":{"rendered":"<figure class=\"wp-block-image\"><img decoding=\"async\" src=\"https:\/\/www.recycle-plant.com\/wp-content\/uploads\/2019\/08\/about.jpg\" alt=\"\"><\/figure>    <div class=\"col-md-6\"><\/div>    <div class=\"col-md-6\"> <h2>C\u00f4ng ty TNHH Zhengzhou ShuliyMachinery<\/h2> <p class=\"translation-block\"><strong>Email: info@recycle-plant.com<\/strong><\/p> <p class=\"translation-block\"><strong>WhatsApp\/Tel: +86 191 3975 4732<\/strong><\/p> <p class=\"translation-block\"><strong>\u0110\u1ecba ch\u1ec9: \u0110\u01b0\u1eddng H\u00e0ng h\u1ea3i ph\u00eda \u0110\u00f4ng, Khu ph\u00e1t tri\u1ec3n kinh t\u1ebf Tr\u1ecbnh Ch\u00e2u, H\u00e0 Nam, Trung Qu\u1ed1c<\/strong><\/p> <\/div>","protected":false},"excerpt":{"rendered":"<p>Zhengzhou ShuliyMachinery Co., Ltd E-mail: info@recycle-plant.com WhatsApp\/Tel: +86 191 3975 4732 Address: Nautical Road East, Zhengzhou Economic Development Zone, Henan, China<\/p>","protected":false},"author":1,"featured_media":0,"parent":0,"menu_order":0,"comment_status":"open","ping_status":"closed","template":"","meta":{"_kad_blocks_custom_css":"","_kad_blocks_head_custom_js":"","_kad_blocks_body_custom_js":"","_kad_blocks_footer_custom_js":"","footnotes":""},"class_list":["post-7","page","type-page","status-publish","hentry"],"taxonomy_info":[],"featured_image_src_large":false,"author_info":{"display_name":"Ella","author_link":"https:\/\/www.recycle-plant.com\/vi\/author\/admin\/"},"comment_info":2,"_links":{"self":[{"href":"https:\/\/www.recycle-plant.com\/vi\/wp-json\/wp\/v2\/pages\/7","targetHints":{"allow":["GET"]}}],"collection":[{"href":"https:\/\/www.recycle-plant.com\/vi\/wp-json\/wp\/v2\/pages"}],"about":[{"href":"https:\/\/www.recycle-plant.com\/vi\/wp-json\/wp\/v2\/types\/page"}],"author":[{"embeddable":true,"href":"https:\/\/www.recycle-plant.com\/vi\/wp-json\/wp\/v2\/users\/1"}],"replies":[{"embeddable":true,"href":"https:\/\/www.recycle-plant.com\/vi\/wp-json\/wp\/v2\/comments?post=7"}],"version-history":[{"count":0,"href":"https:\/\/www.recycle-plant.com\/vi\/wp-json\/wp\/v2\/pages\/7\/revisions"}],"wp:attachment":[{"href":"https:\/\/www.recycle-plant.com\/vi\/wp-json\/wp\/v2\/media?parent=7"}],"curies":[{"name":"wp","href":"https:\/\/api.w.org\/{rel}","templated":true}]}}